{"id":3,"date":"2023-05-05T13:27:20","date_gmt":"2023-05-05T13:27:20","guid":{"rendered":"https:\/\/storytelling.ee\/test\/?page_id=3"},"modified":"2023-12-31T15:51:48","modified_gmt":"2023-12-31T15:51:48","slug":"privaatsustingimused","status":"publish","type":"page","link":"https:\/\/storytelling.ee\/test\/privaatsustingimused\/","title":{"rendered":"Privaatsustingimused"},"content":{"rendered":"\n<p><strong>Veebilehe <\/strong>storytelling.ee jaoks on oluline Teie privaatsus ja j\u00e4rgida k\u00f5iki kehtivaid seadusi ja m\u00e4\u00e4rusi mis tahes isikuandmete kohta, mida v\u00f5in Teie kohta koguda, kui k\u00fclastate veebilehte&nbsp;storytelling.ee Minu veebisaiti kasutades n\u00f5ustute, et kogun ja kasutan Teie andmeid vastavalt k\u00e4esolevale privaatsuspoliitikale.<\/p>\n\n\n\n<p>K\u00e4esoleva privaatsuspoliitikaga soovin Teile selgitada, milliseid andmeid ma kogun, kuidas neid kasutan ja millised on Teie \u00f5igused oma andmete kaitsmiseks. Poliis rakendub ainult minu veebilehele ja selle k\u00fclastajatele.<\/p>\n\n\n\n<p>Teie andmete t\u00f6\u00f6tleja on:&nbsp;<\/p>\n\n\n\n<p><strong>Kristiina Kaldre<br><\/strong>e-post: kristiina.kaldre@gmail.com<br>telefoninumber:<br><a href=\"https:\/\/storytelling.ee\/test\/\">+327 5656 5668<\/a><\/p>\n\n\n\n<p>Kogun ja t\u00f6\u00f6tlen teavet koosk\u00f5las Euroopa Liidu \u00fcldise andmekaitse m\u00e4\u00e4rusega (GDPR), mis j\u00f5ustus 25.05.2018.<\/p>\n\n\n\n<p><strong>K\u00fcpsised<\/strong><\/p>\n\n\n\n<p>Veebilehti storytelling.ee <strong>ei kasuta<\/strong> \u201ck\u00fcpsiseid\u201d. K\u00fcpsis on sisuliselt tekstifail, mis salvestatakse veebisaidi k\u00fclastamisel kasutaja seadmesse. K\u00fcpsiste abil m\u00e4\u00e4ratakse ja salvestatakse eelistused, regionaalsed s\u00e4tted, teenuste kasutamise valikud jpm.<\/p>\n\n\n\n<p><\/p>\n\n\n\n<p><strong>Andmete kogumine ja kasutamine<\/strong><\/p>\n\n\n\n<p><strong>Milliseid andmeid m<\/strong><strong>a<\/strong><strong> kogu<\/strong><strong>n<\/strong><\/p>\n\n\n\n<p>Teie isiklikud andmed v\u00f5ivad j\u00f5uda minuni j\u00e4rgmistel viisidel:<\/p>\n\n\n\n<ul class=\"wp-block-list\">\n<li>Kui kontakteerute minuga telefoni v\u00f5i e-posti teel<\/li>\n<\/ul>\n\n\n\n<p><strong>Isikuandmed<\/strong><\/p>\n\n\n\n<p>K\u00fcsin Teilt isiklikku informatsiooni ainult siis, kui see on vajalik Teile teenuse osutamiseks. V\u00f5ttes minuga \u00fchendust v\u00f5i k\u00fclastades minu veebilehte, on v\u00f5imalik, et jagate j\u00e4rgnevat teavet:<\/p>\n\n\n\n<ul class=\"wp-block-list\">\n<li>Ees- ja perekonnanimi<\/li>\n\n\n\n<li>E-posti aadress<\/li>\n\n\n\n<li>Telefoninumber<\/li>\n<\/ul>\n\n\n\n<p><strong>Kuidas ma Teie andmeid kasutan<\/strong><\/p>\n\n\n\n<p>Kogutud informatsiooni v\u00f5in kasutada erinevatel eesm\u00e4rkidel, sealhulgas:<\/p>\n\n\n\n<ul class=\"wp-block-list\">\n<li>Teie tuvastamiseks telefoni, s\u00f5numi v\u00f5i e-posti teel<\/li>\n\n\n\n<li>Teile informatsiooni saatmisel ja teenuste kohta tagasiside palumisel<\/li>\n\n\n\n<li>Eesm\u00e4rgiga parandada teenuse kvaliteeti<\/li>\n\n\n\n<li>Et arendada uusi uusi tooteid, teenuseid v\u00f5i parandada nende funktsionaalsust<\/li>\n\n\n\n<li>Meievaheliste interaktsioonide lihtsustamiseks ja kiirendamiseks, kui v\u00f5tate minuga \u00fchendust<\/li>\n\n\n\n<li>Arve v\u00e4ljastamiseks<\/li>\n<\/ul>\n\n\n\n<p><strong>Millistel juhtudel on v\u00f5imalik, et jaga<\/strong><strong>n<\/strong><strong> Teie andmeid<\/strong><\/p>\n\n\n\n<ul class=\"wp-block-list\">\n<li>Olen kohustatud Teie isikuandmed avaldama, kui seda n\u00f5uab seadus.<\/li>\n<\/ul>\n\n\n\n<p><strong>Teie isikuandmete s\u00e4ilitamine<\/strong><\/p>\n\n\n\n<p>S\u00e4ilitan Teie isikuandmeid ainult seni, kuni see on vajalik k\u00e4esolevas privaatsuspoliitikas s\u00e4testatud eesm\u00e4rkidel. S\u00e4ilitan ja kasutan Teie isikuandmeid ulatuses, mis on vajalik juriidiliste kohustuste t\u00e4itmiseks (n\u00e4iteks kui pean Teie andmeid s\u00e4ilitama kehtivate seaduste j\u00e4rgimiseks), vaidluste lahendamiseks ning juriidiliste lepingute ja eeskirjade j\u00f5ustamiseks.<\/p>\n\n\n\n<p><strong>Teie \u00f5igused oma andmete kaitsmiseks<\/strong><\/p>\n\n\n\n<p>Kui arvate, et olen rikkunud asjakohast andmekaitseseadust ja soovid esitada kaebuse, palun v\u00f5tke minuga \u00fchendust, kasutades k\u00e4esolevast dokumendist leitavaid kontaktandmeid ja edastage meile k\u00f5ik rikkumise kohta k\u00e4ivad \u00fcksikasjad. Uurin Teie kaebust viivitamata ja vastan teile kirjalikult, esitades uurimise tulemused ja toome v\u00e4lja sammud, mida Teie kaebuse lahendamiseks ette v\u00f5tan. Samuti on Teil \u00f5igus p\u00f6\u00f6rduda reguleeriva asutuse v\u00f5i andmekaitseasutuse poole.<\/p>\n\n\n\n<p><strong>GDPR andmekaitse\u00f5igused<\/strong><\/p>\n\n\n\n<p>Soovin olla veendunud, et olete teadlik k\u00f5igist oma andmekaitse\u00f5igustest. Igal lehe kasutajal on \u00f5igus j\u00e4rgmistele tingimustele:<\/p>\n\n\n\n<ul class=\"wp-block-list\">\n<li>Juurdep\u00e4\u00e4su\u00f5igus \u2013 teil on \u00f5igus n\u00f5uda oma isikuandmete koopiaid.<\/li>\n\n\n\n<li>\u00d5igus andmete parandustele \u2013 teil on \u00f5igus n\u00f5uda, et parandaksin Teie arvates ebat\u00e4psed andmed. Samuti on teil \u00f5igus n\u00f5uda, et t\u00e4iendaksin andmeid, mis on Teie arvates puudulikud.<\/li>\n\n\n\n<li>Kustutamis\u00f5igus \u2013 teatud tingimustel on teil \u00f5igus n\u00f5uda Teie isikuandmete kustutamist.<\/li>\n\n\n\n<li>Andmete t\u00f6\u00f6tlemise piiramise \u00f5igus \u2013 teatud tingimustel on teil \u00f5igus n\u00f5uda Teie isikuandmete kasutamise piiramist.<\/li>\n\n\n\n<li>\u00d5igus vaidlustada isikuandmete kasutamine \u2013 teatud tingimustel on teil \u00f5igus vaidlustada Teie isikuandmete kasutamine.<\/li>\n\n\n\n<li>\u00d5igus andmete teisaldatavusele \u2013 teatud tingimustel on teil \u00f5igus n\u00f5uda, et me edastaksin kogutud andmed kolmandale osapoolele v\u00f5i otse teile.<\/li>\n<\/ul>\n\n\n\n<p><strong>Teie andmete turvalisus<\/strong><\/p>\n\n\n\n<p>Teie isikuandmete turvalisus on minu jaoks oluline, kuid \u00fckski Interneti-teel info vahetamise viis ega elektrooniline salvestusmeetod pole 100% turvaline. Kuigi annan endast k\u00f5ik, et kaitsta Teie andmeid, ei saa ma tagada nende t\u00e4ielikku turvalisust.<\/p>\n\n\n\n<p><strong>Privaatsuspoliitika uuendused<\/strong><\/p>\n\n\n\n<p>Vajadusel on mul \u00f5igus teha k\u00e4esolevale privaatsuspoliitika dokumendile muudatusi. Privaatsuspoliitika uuenemise j\u00e4rel muudan ma selle allosas paiknevat dokumendi v\u00e4rskendamise kuup\u00e4eva. Kui k\u00fclastate ja kasutate minu veebilehte ka p\u00e4rast privaatsuspoliitika uuendamist, k\u00e4sitlen me seda kui Teie vaikivat n\u00f5usolekut muudatustega.<\/p>\n\n\n\n<p>Viimati muudetud\u00a031\/12\/2023<\/p>\n","protected":false},"excerpt":{"rendered":"<p>Veebilehe storytelling.ee jaoks on oluline Teie privaatsus ja j\u00e4rgida k\u00f5iki kehtivaid seadusi ja m\u00e4\u00e4rusi mis tahes isikuandmete kohta, mida v\u00f5in Teie kohta koguda, kui k\u00fclastate veebilehte&nbsp;storytelling.ee Minu veebisaiti kasutades n\u00f5ustute, et kogun ja kasutan Teie andmeid vastavalt k\u00e4esolevale privaatsuspoliitikale. K\u00e4esoleva privaatsuspoliitikaga soovin Teile selgitada, milliseid andmeid ma kogun, kuidas neid kasutan ja millised on Teie [&hellip;]<\/p>\n","protected":false},"author":1,"featured_media":0,"parent":0,"menu_order":0,"comment_status":"closed","ping_status":"closed","template":"","meta":{"site-sidebar-layout":"default","site-content-layout":"","ast-site-content-layout":"default","site-content-style":"default","site-sidebar-style":"default","ast-global-header-display":"","ast-banner-title-visibility":"","ast-main-header-display":"","ast-hfb-above-header-display":"","ast-hfb-below-header-display":"","ast-hfb-mobile-header-display":"","site-post-title":"","ast-breadcrumbs-content":"","ast-featured-img":"","footer-sml-layout":"","theme-transparent-header-meta":"","adv-header-id-meta":"","stick-header-meta":"","header-above-stick-meta":"","header-main-stick-meta":"","header-below-stick-meta":"","astra-migrate-meta-layouts":"set","ast-page-background-enabled":"default","ast-page-background-meta":{"desktop":{"background-color":"","background-image":"","background-repeat":"repeat","background-position":"center center","background-size":"auto","background-attachment":"scroll","background-type":"","background-media":"","overlay-type":"","overlay-color":"","overlay-opacity":"","overlay-gradient":""},"tablet":{"background-color":"","background-image":"","background-repeat":"repeat","background-position":"center center","background-size":"auto","background-attachment":"scroll","background-type":"","background-media":"","overlay-type":"","overlay-color":"","overlay-opacity":"","overlay-gradient":""},"mobile":{"background-color":"","background-image":"","background-repeat":"repeat","background-position":"center center","background-size":"auto","background-attachment":"scroll","background-type":"","background-media":"","overlay-type":"","overlay-color":"","overlay-opacity":"","overlay-gradient":""}},"ast-content-background-meta":{"desktop":{"background-color":"var(--ast-global-color-5)","background-image":"","background-repeat":"repeat","background-position":"center center","background-size":"auto","background-attachment":"scroll","background-type":"","background-media":"","overlay-type":"","overlay-color":"","overlay-opacity":"","overlay-gradient":""},"tablet":{"background-color":"var(--ast-global-color-5)","background-image":"","background-repeat":"repeat","background-position":"center center","background-size":"auto","background-attachment":"scroll","background-type":"","background-media":"","overlay-type":"","overlay-color":"","overlay-opacity":"","overlay-gradient":""},"mobile":{"background-color":"var(--ast-global-color-5)","background-image":"","background-repeat":"repeat","background-position":"center center","background-size":"auto","background-attachment":"scroll","background-type":"","background-media":"","overlay-type":"","overlay-color":"","overlay-opacity":"","overlay-gradient":""}},"footnotes":""},"class_list":["post-3","page","type-page","status-publish","hentry"],"yoast_head":"<!-- This site is optimized with the Yoast SEO plugin v25.4 - https:\/\/yoast.com\/wordpress\/plugins\/seo\/ -->\n<title>Privaatsustingimused -<\/title>\n<meta name=\"robots\" content=\"index, follow, max-snippet:-1, max-image-preview:large, max-video-preview:-1\" \/>\n<link rel=\"canonical\" href=\"https:\/\/storytelling.ee\/test\/privaatsustingimused\/\" \/>\n<meta property=\"og:locale\" content=\"et_EE\" \/>\n<meta property=\"og:type\" content=\"article\" \/>\n<meta property=\"og:title\" content=\"Privaatsustingimused -\" \/>\n<meta property=\"og:description\" content=\"Veebilehe storytelling.ee jaoks on oluline Teie privaatsus ja j\u00e4rgida k\u00f5iki kehtivaid seadusi ja m\u00e4\u00e4rusi mis tahes isikuandmete kohta, mida v\u00f5in Teie kohta koguda, kui k\u00fclastate veebilehte&nbsp;storytelling.ee Minu veebisaiti kasutades n\u00f5ustute, et kogun ja kasutan Teie andmeid vastavalt k\u00e4esolevale privaatsuspoliitikale. K\u00e4esoleva privaatsuspoliitikaga soovin Teile selgitada, milliseid andmeid ma kogun, kuidas neid kasutan ja millised on Teie [&hellip;]\" \/>\n<meta property=\"og:url\" content=\"https:\/\/storytelling.ee\/test\/privaatsustingimused\/\" \/>\n<meta property=\"article:modified_time\" content=\"2023-12-31T15:51:48+00:00\" \/>\n<meta name=\"twitter:card\" content=\"summary_large_image\" \/>\n<meta name=\"twitter:label1\" content=\"Est. reading time\" \/>\n\t<meta name=\"twitter:data1\" content=\"3 minutit\" \/>\n<script type=\"application\/ld+json\" class=\"yoast-schema-graph\">{\"@context\":\"https:\/\/schema.org\",\"@graph\":[{\"@type\":\"WebPage\",\"@id\":\"https:\/\/storytelling.ee\/test\/privaatsustingimused\/\",\"url\":\"https:\/\/storytelling.ee\/test\/privaatsustingimused\/\",\"name\":\"Privaatsustingimused -\",\"isPartOf\":{\"@id\":\"https:\/\/storytelling.ee\/test\/#website\"},\"datePublished\":\"2023-05-05T13:27:20+00:00\",\"dateModified\":\"2023-12-31T15:51:48+00:00\",\"breadcrumb\":{\"@id\":\"https:\/\/storytelling.ee\/test\/privaatsustingimused\/#breadcrumb\"},\"inLanguage\":\"et\",\"potentialAction\":[{\"@type\":\"ReadAction\",\"target\":[\"https:\/\/storytelling.ee\/test\/privaatsustingimused\/\"]}]},{\"@type\":\"BreadcrumbList\",\"@id\":\"https:\/\/storytelling.ee\/test\/privaatsustingimused\/#breadcrumb\",\"itemListElement\":[{\"@type\":\"ListItem\",\"position\":1,\"name\":\"Esileht\",\"item\":\"https:\/\/storytelling.ee\/test\/\"},{\"@type\":\"ListItem\",\"position\":2,\"name\":\"Privaatsustingimused\"}]},{\"@type\":\"WebSite\",\"@id\":\"https:\/\/storytelling.ee\/test\/#website\",\"url\":\"https:\/\/storytelling.ee\/test\/\",\"name\":\"Storytelling ehk lugude jutustamine\",\"description\":\"Storytelling ehk s&otilde;numi edastamine loo kaudu\",\"publisher\":{\"@id\":\"https:\/\/storytelling.ee\/test\/#\/schema\/person\/abe7170dea86f603f014a73239e62358\"},\"potentialAction\":[{\"@type\":\"SearchAction\",\"target\":{\"@type\":\"EntryPoint\",\"urlTemplate\":\"https:\/\/storytelling.ee\/test\/?s={search_term_string}\"},\"query-input\":{\"@type\":\"PropertyValueSpecification\",\"valueRequired\":true,\"valueName\":\"search_term_string\"}}],\"inLanguage\":\"et\"},{\"@type\":[\"Person\",\"Organization\"],\"@id\":\"https:\/\/storytelling.ee\/test\/#\/schema\/person\/abe7170dea86f603f014a73239e62358\",\"name\":\"Sportlane\",\"image\":{\"@type\":\"ImageObject\",\"inLanguage\":\"et\",\"@id\":\"https:\/\/storytelling.ee\/test\/#\/schema\/person\/image\/\",\"url\":\"https:\/\/storytelling.ee\/test\/wp-content\/uploads\/2023\/05\/STORY-5.svg\",\"contentUrl\":\"https:\/\/storytelling.ee\/test\/wp-content\/uploads\/2023\/05\/STORY-5.svg\",\"width\":500,\"height\":500,\"caption\":\"Sportlane\"},\"logo\":{\"@id\":\"https:\/\/storytelling.ee\/test\/#\/schema\/person\/image\/\"},\"sameAs\":[\"https:\/\/storytelling.ee\/test\"]}]}<\/script>\n<!-- \/ Yoast SEO plugin. -->","yoast_head_json":{"title":"Privaatsustingimused -","robots":{"index":"index","follow":"follow","max-snippet":"max-snippet:-1","max-image-preview":"max-image-preview:large","max-video-preview":"max-video-preview:-1"},"canonical":"https:\/\/storytelling.ee\/test\/privaatsustingimused\/","og_locale":"et_EE","og_type":"article","og_title":"Privaatsustingimused -","og_description":"Veebilehe storytelling.ee jaoks on oluline Teie privaatsus ja j\u00e4rgida k\u00f5iki kehtivaid seadusi ja m\u00e4\u00e4rusi mis tahes isikuandmete kohta, mida v\u00f5in Teie kohta koguda, kui k\u00fclastate veebilehte&nbsp;storytelling.ee Minu veebisaiti kasutades n\u00f5ustute, et kogun ja kasutan Teie andmeid vastavalt k\u00e4esolevale privaatsuspoliitikale. K\u00e4esoleva privaatsuspoliitikaga soovin Teile selgitada, milliseid andmeid ma kogun, kuidas neid kasutan ja millised on Teie [&hellip;]","og_url":"https:\/\/storytelling.ee\/test\/privaatsustingimused\/","article_modified_time":"2023-12-31T15:51:48+00:00","twitter_card":"summary_large_image","twitter_misc":{"Est. reading time":"3 minutit"},"schema":{"@context":"https:\/\/schema.org","@graph":[{"@type":"WebPage","@id":"https:\/\/storytelling.ee\/test\/privaatsustingimused\/","url":"https:\/\/storytelling.ee\/test\/privaatsustingimused\/","name":"Privaatsustingimused -","isPartOf":{"@id":"https:\/\/storytelling.ee\/test\/#website"},"datePublished":"2023-05-05T13:27:20+00:00","dateModified":"2023-12-31T15:51:48+00:00","breadcrumb":{"@id":"https:\/\/storytelling.ee\/test\/privaatsustingimused\/#breadcrumb"},"inLanguage":"et","potentialAction":[{"@type":"ReadAction","target":["https:\/\/storytelling.ee\/test\/privaatsustingimused\/"]}]},{"@type":"BreadcrumbList","@id":"https:\/\/storytelling.ee\/test\/privaatsustingimused\/#breadcrumb","itemListElement":[{"@type":"ListItem","position":1,"name":"Esileht","item":"https:\/\/storytelling.ee\/test\/"},{"@type":"ListItem","position":2,"name":"Privaatsustingimused"}]},{"@type":"WebSite","@id":"https:\/\/storytelling.ee\/test\/#website","url":"https:\/\/storytelling.ee\/test\/","name":"Storytelling ehk lugude jutustamine","description":"Storytelling ehk s&otilde;numi edastamine loo kaudu","publisher":{"@id":"https:\/\/storytelling.ee\/test\/#\/schema\/person\/abe7170dea86f603f014a73239e62358"},"potentialAction":[{"@type":"SearchAction","target":{"@type":"EntryPoint","urlTemplate":"https:\/\/storytelling.ee\/test\/?s={search_term_string}"},"query-input":{"@type":"PropertyValueSpecification","valueRequired":true,"valueName":"search_term_string"}}],"inLanguage":"et"},{"@type":["Person","Organization"],"@id":"https:\/\/storytelling.ee\/test\/#\/schema\/person\/abe7170dea86f603f014a73239e62358","name":"Sportlane","image":{"@type":"ImageObject","inLanguage":"et","@id":"https:\/\/storytelling.ee\/test\/#\/schema\/person\/image\/","url":"https:\/\/storytelling.ee\/test\/wp-content\/uploads\/2023\/05\/STORY-5.svg","contentUrl":"https:\/\/storytelling.ee\/test\/wp-content\/uploads\/2023\/05\/STORY-5.svg","width":500,"height":500,"caption":"Sportlane"},"logo":{"@id":"https:\/\/storytelling.ee\/test\/#\/schema\/person\/image\/"},"sameAs":["https:\/\/storytelling.ee\/test"]}]}},"_links":{"self":[{"href":"https:\/\/storytelling.ee\/test\/wp-json\/wp\/v2\/pages\/3","targetHints":{"allow":["GET"]}}],"collection":[{"href":"https:\/\/storytelling.ee\/test\/wp-json\/wp\/v2\/pages"}],"about":[{"href":"https:\/\/storytelling.ee\/test\/wp-json\/wp\/v2\/types\/page"}],"author":[{"embeddable":true,"href":"https:\/\/storytelling.ee\/test\/wp-json\/wp\/v2\/users\/1"}],"replies":[{"embeddable":true,"href":"https:\/\/storytelling.ee\/test\/wp-json\/wp\/v2\/comments?post=3"}],"version-history":[{"count":1,"href":"https:\/\/storytelling.ee\/test\/wp-json\/wp\/v2\/pages\/3\/revisions"}],"predecessor-version":[{"id":2021,"href":"https:\/\/storytelling.ee\/test\/wp-json\/wp\/v2\/pages\/3\/revisions\/2021"}],"wp:attachment":[{"href":"https:\/\/storytelling.ee\/test\/wp-json\/wp\/v2\/media?parent=3"}],"curies":[{"name":"wp","href":"https:\/\/api.w.org\/{rel}","templated":true}]}}